{"id":1975,"date":"2025-11-10T15:07:28","date_gmt":"2025-11-10T15:07:28","guid":{"rendered":"https:\/\/bonaequine.com\/?post_type=product&#038;p=1975"},"modified":"2026-03-20T14:30:31","modified_gmt":"2026-03-20T14:30:31","slug":"pearl-back-hoodie","status":"publish","type":"product","link":"https:\/\/bonaequine.com\/pl\/produkt\/pearl-back-hoodie\/","title":{"rendered":"Pearl Back Hoodie"},"content":{"rendered":"<p>Wygodna bluza z kapturem o wysokiej gramaturze, wykonana z wysokiej jako\u015bci bawe\u0142ny 380 g, zaprojektowana z my\u015bl\u0105 o mi\u0119kko\u015bci, trwa\u0142o\u015bci i codziennym ruchu. Tkanina poddawana jest delikatnemu procesowi wyka\u0144czania, dzi\u0119ki czemu uzyskuje g\u0142adk\u0105, wyrafinowan\u0105 powierzchni\u0119 i zwi\u0119kszon\u0105 odporno\u015b\u0107 na mechacenie si\u0119. Przyjemna w dotyku, oddychaj\u0105ca i niepowoduj\u0105ca podra\u017cnie\u0144. Antystatyczna.<\/p>\n<p>Z ty\u0142u znajduje si\u0119 r\u0119cznie zdobiona kompozycja z pere\u0142 i kryszta\u0142\u00f3w inspirowana profilem Bony \u2014 subtelny, kobiecy detal, kt\u00f3ry podkre\u015bla sylwetk\u0119, nie przyt\u0142aczaj\u0105c jej.<br \/>\nPraktyczne elementy pozostaj\u0105 dyskretne: boczne kieszenie zapinane na zamek b\u0142yskawiczny, kt\u00f3re zapewniaj\u0105 bezpiecze\u0144stwo niezb\u0119dnych przedmiot\u00f3w, oraz usztywniony kaptur zapewniaj\u0105cy dodatkowe ciep\u0142o.<\/p>\n<p>Ka\u017cdy egzemplarz jest produkowany w limitowanej serii zaledwie 45 numerowanych bluz z kapturem,  w ma\u0142ym polskim atelier krawieckim, w ograniczonych ilo\u015bciach, z dba\u0142o\u015bci\u0105 o ka\u017cdy szew.<\/p>","protected":false},"excerpt":{"rendered":"<p>Short Descritpion<\/p>","protected":false},"featured_media":1982,"template":"","meta":{"_eb_attr":""},"product_brand":[87],"product_cat":[17,16,83],"product_tag":[],"class_list":{"0":"post-1975","1":"product","2":"type-product","3":"status-publish","4":"has-post-thumbnail","6":"product_brand-bona-equine","7":"product_cat-blouses","8":"product_cat-clothes","9":"product_cat-sweatshirts","11":"first","12":"instock","13":"shipping-taxable","14":"purchasable","15":"product-type-variable","16":"has-default-attributes"},"yoast_head":"<!-- This site is optimized with the Yoast SEO plugin v26.5 - https:\/\/yoast.com\/wordpress\/plugins\/seo\/ -->\n<title>Pearl Back Hoodie - bona equine<\/title>\n<meta name=\"robots\" content=\"index, follow, max-snippet:-1, max-image-preview:large, max-video-preview:-1\" \/>\n<link rel=\"canonical\" href=\"https:\/\/bonaequine.com\/pl\/produkt\/pearl-back-hoodie\/\" \/>\n<meta property=\"og:locale\" content=\"pl_PL\" \/>\n<meta property=\"og:type\" content=\"article\" \/>\n<meta property=\"og:title\" content=\"Pearl Back Hoodie - bona equine\" \/>\n<meta property=\"og:description\" content=\"Short Descritpion\" \/>\n<meta property=\"og:url\" content=\"https:\/\/bonaequine.com\/pl\/produkt\/pearl-back-hoodie\/\" \/>\n<meta property=\"og:site_name\" content=\"bona equine\" \/>\n<meta property=\"article:modified_time\" content=\"2026-03-20T14:30:31+00:00\" \/>\n<meta property=\"og:image\" content=\"https:\/\/bonaequine.com\/wp-content\/uploads\/2025\/11\/bona-8-scaled.jpg\" \/>\n\t<meta property=\"og:image:width\" content=\"1707\" \/>\n\t<meta property=\"og:image:height\" content=\"2560\" \/>\n\t<meta property=\"og:image:type\" content=\"image\/jpeg\" \/>\n<meta name=\"twitter:card\" content=\"summary_large_image\" \/>\n<meta name=\"twitter:label1\" content=\"Szacowany czas czytania\" \/>\n\t<meta name=\"twitter:data1\" content=\"1 minuta\" \/>\n<script type=\"application\/ld+json\" class=\"yoast-schema-graph\">{\"@context\":\"https:\/\/schema.org\",\"@graph\":[{\"@type\":\"WebPage\",\"@id\":\"https:\/\/bonaequine.com\/product\/pearl-back-hoodie\/\",\"url\":\"https:\/\/bonaequine.com\/product\/pearl-back-hoodie\/\",\"name\":\"Pearl Back Hoodie - bona equine\",\"isPartOf\":{\"@id\":\"https:\/\/bonaequine.com\/#website\"},\"primaryImageOfPage\":{\"@id\":\"https:\/\/bonaequine.com\/product\/pearl-back-hoodie\/#primaryimage\"},\"image\":{\"@id\":\"https:\/\/bonaequine.com\/product\/pearl-back-hoodie\/#primaryimage\"},\"thumbnailUrl\":\"https:\/\/bonaequine.com\/wp-content\/uploads\/2025\/11\/bona-8-scaled.jpg\",\"datePublished\":\"2025-11-10T15:07:28+00:00\",\"dateModified\":\"2026-03-20T14:30:31+00:00\",\"breadcrumb\":{\"@id\":\"https:\/\/bonaequine.com\/product\/pearl-back-hoodie\/#breadcrumb\"},\"inLanguage\":\"pl-PL\",\"potentialAction\":[{\"@type\":\"ReadAction\",\"target\":[\"https:\/\/bonaequine.com\/product\/pearl-back-hoodie\/\"]}]},{\"@type\":\"ImageObject\",\"inLanguage\":\"pl-PL\",\"@id\":\"https:\/\/bonaequine.com\/product\/pearl-back-hoodie\/#primaryimage\",\"url\":\"https:\/\/bonaequine.com\/wp-content\/uploads\/2025\/11\/bona-8-scaled.jpg\",\"contentUrl\":\"https:\/\/bonaequine.com\/wp-content\/uploads\/2025\/11\/bona-8-scaled.jpg\",\"width\":1707,\"height\":2560},{\"@type\":\"BreadcrumbList\",\"@id\":\"https:\/\/bonaequine.com\/product\/pearl-back-hoodie\/#breadcrumb\",\"itemListElement\":[{\"@type\":\"ListItem\",\"position\":1,\"name\":\"Home\",\"item\":\"https:\/\/bonaequine.com\/\"},{\"@type\":\"ListItem\",\"position\":2,\"name\":\"Shop\",\"item\":\"https:\/\/bonaequine.com\/sklep-jezdziecki-online-bona-equine-odziez-dla-jezdzcow\/\"},{\"@type\":\"ListItem\",\"position\":3,\"name\":\"Pearl Back Hoodie\"}]},{\"@type\":\"WebSite\",\"@id\":\"https:\/\/bonaequine.com\/#website\",\"url\":\"https:\/\/bonaequine.com\/\",\"name\":\"bona equine\",\"description\":\"Luxury Equestrian Fashion \u2013 bona equine | Breeches, Hoodies, Training Wear\",\"publisher\":{\"@id\":\"https:\/\/bonaequine.com\/#organization\"},\"potentialAction\":[{\"@type\":\"SearchAction\",\"target\":{\"@type\":\"EntryPoint\",\"urlTemplate\":\"https:\/\/bonaequine.com\/?s={search_term_string}\"},\"query-input\":{\"@type\":\"PropertyValueSpecification\",\"valueRequired\":true,\"valueName\":\"search_term_string\"}}],\"inLanguage\":\"pl-PL\"},{\"@type\":\"Organization\",\"@id\":\"https:\/\/bonaequine.com\/#organization\",\"name\":\"bona equine\",\"url\":\"https:\/\/bonaequine.com\/\",\"logo\":{\"@type\":\"ImageObject\",\"inLanguage\":\"pl-PL\",\"@id\":\"https:\/\/bonaequine.com\/#\/schema\/logo\/image\/\",\"url\":\"https:\/\/bonaequine.com\/wp-content\/uploads\/2025\/08\/bona_THUMBNAIL.png\",\"contentUrl\":\"https:\/\/bonaequine.com\/wp-content\/uploads\/2025\/08\/bona_THUMBNAIL.png\",\"width\":512,\"height\":512,\"caption\":\"bona equine\"},\"image\":{\"@id\":\"https:\/\/bonaequine.com\/#\/schema\/logo\/image\/\"},\"sameAs\":[\"https:\/\/www.instagram.com\/bona.equine\/\"]}]}<\/script>\n<!-- \/ Yoast SEO plugin. -->","yoast_head_json":{"title":"Pearl Back Hoodie - bona equine","robots":{"index":"index","follow":"follow","max-snippet":"max-snippet:-1","max-image-preview":"max-image-preview:large","max-video-preview":"max-video-preview:-1"},"canonical":"https:\/\/bonaequine.com\/pl\/produkt\/pearl-back-hoodie\/","og_locale":"pl_PL","og_type":"article","og_title":"Pearl Back Hoodie - bona equine","og_description":"Short Descritpion","og_url":"https:\/\/bonaequine.com\/pl\/produkt\/pearl-back-hoodie\/","og_site_name":"bona equine","article_modified_time":"2026-03-20T14:30:31+00:00","og_image":[{"width":1707,"height":2560,"url":"https:\/\/bonaequine.com\/wp-content\/uploads\/2025\/11\/bona-8-scaled.jpg","type":"image\/jpeg"}],"twitter_card":"summary_large_image","twitter_misc":{"Szacowany czas czytania":"1 minuta"},"schema":{"@context":"https:\/\/schema.org","@graph":[{"@type":"WebPage","@id":"https:\/\/bonaequine.com\/product\/pearl-back-hoodie\/","url":"https:\/\/bonaequine.com\/product\/pearl-back-hoodie\/","name":"Pearl Back Hoodie - bona equine","isPartOf":{"@id":"https:\/\/bonaequine.com\/#website"},"primaryImageOfPage":{"@id":"https:\/\/bonaequine.com\/product\/pearl-back-hoodie\/#primaryimage"},"image":{"@id":"https:\/\/bonaequine.com\/product\/pearl-back-hoodie\/#primaryimage"},"thumbnailUrl":"https:\/\/bonaequine.com\/wp-content\/uploads\/2025\/11\/bona-8-scaled.jpg","datePublished":"2025-11-10T15:07:28+00:00","dateModified":"2026-03-20T14:30:31+00:00","breadcrumb":{"@id":"https:\/\/bonaequine.com\/product\/pearl-back-hoodie\/#breadcrumb"},"inLanguage":"pl-PL","potentialAction":[{"@type":"ReadAction","target":["https:\/\/bonaequine.com\/product\/pearl-back-hoodie\/"]}]},{"@type":"ImageObject","inLanguage":"pl-PL","@id":"https:\/\/bonaequine.com\/product\/pearl-back-hoodie\/#primaryimage","url":"https:\/\/bonaequine.com\/wp-content\/uploads\/2025\/11\/bona-8-scaled.jpg","contentUrl":"https:\/\/bonaequine.com\/wp-content\/uploads\/2025\/11\/bona-8-scaled.jpg","width":1707,"height":2560},{"@type":"BreadcrumbList","@id":"https:\/\/bonaequine.com\/product\/pearl-back-hoodie\/#breadcrumb","itemListElement":[{"@type":"ListItem","position":1,"name":"Home","item":"https:\/\/bonaequine.com\/"},{"@type":"ListItem","position":2,"name":"Shop","item":"https:\/\/bonaequine.com\/sklep-jezdziecki-online-bona-equine-odziez-dla-jezdzcow\/"},{"@type":"ListItem","position":3,"name":"Pearl Back Hoodie"}]},{"@type":"WebSite","@id":"https:\/\/bonaequine.com\/#website","url":"https:\/\/bonaequine.com\/","name":"bona equine","description":"Luxury Equestrian Fashion \u2013 bona equine | Breeches, Hoodies, Training Wear","publisher":{"@id":"https:\/\/bonaequine.com\/#organization"},"potentialAction":[{"@type":"SearchAction","target":{"@type":"EntryPoint","urlTemplate":"https:\/\/bonaequine.com\/?s={search_term_string}"},"query-input":{"@type":"PropertyValueSpecification","valueRequired":true,"valueName":"search_term_string"}}],"inLanguage":"pl-PL"},{"@type":"Organization","@id":"https:\/\/bonaequine.com\/#organization","name":"bona equine","url":"https:\/\/bonaequine.com\/","logo":{"@type":"ImageObject","inLanguage":"pl-PL","@id":"https:\/\/bonaequine.com\/#\/schema\/logo\/image\/","url":"https:\/\/bonaequine.com\/wp-content\/uploads\/2025\/08\/bona_THUMBNAIL.png","contentUrl":"https:\/\/bonaequine.com\/wp-content\/uploads\/2025\/08\/bona_THUMBNAIL.png","width":512,"height":512,"caption":"bona equine"},"image":{"@id":"https:\/\/bonaequine.com\/#\/schema\/logo\/image\/"},"sameAs":["https:\/\/www.instagram.com\/bona.equine\/"]}]}},"_links":{"self":[{"href":"https:\/\/bonaequine.com\/pl\/wp-json\/wp\/v2\/product\/1975","targetHints":{"allow":["GET"]}}],"collection":[{"href":"https:\/\/bonaequine.com\/pl\/wp-json\/wp\/v2\/product"}],"about":[{"href":"https:\/\/bonaequine.com\/pl\/wp-json\/wp\/v2\/types\/product"}],"wp:featuredmedia":[{"embeddable":true,"href":"https:\/\/bonaequine.com\/pl\/wp-json\/wp\/v2\/media\/1982"}],"wp:attachment":[{"href":"https:\/\/bonaequine.com\/pl\/wp-json\/wp\/v2\/media?parent=1975"}],"wp:term":[{"taxonomy":"product_brand","embeddable":true,"href":"https:\/\/bonaequine.com\/pl\/wp-json\/wp\/v2\/product_brand?post=1975"},{"taxonomy":"product_cat","embeddable":true,"href":"https:\/\/bonaequine.com\/pl\/wp-json\/wp\/v2\/product_cat?post=1975"},{"taxonomy":"product_tag","embeddable":true,"href":"https:\/\/bonaequine.com\/pl\/wp-json\/wp\/v2\/product_tag?post=1975"}],"curies":[{"name":"wp","href":"https:\/\/api.w.org\/{rel}","templated":true}]}}