{"id":148,"date":"2025-03-13T17:07:01","date_gmt":"2025-03-13T17:07:01","guid":{"rendered":"https:\/\/bonaequine.com\/?page_id=148"},"modified":"2025-07-24T18:07:48","modified_gmt":"2025-07-24T18:07:48","slug":"returns","status":"publish","type":"page","link":"https:\/\/bonaequine.com\/pl\/returns\/","title":{"rendered":"Zwroty"},"content":{"rendered":"<h2 class=\"wp-block-post-title\">Zwroty<\/h2>\n\n\n<p>Masz prawo odst\u0105pi\u0107 od umowy w ci\u0105gu <strong>14 dni<\/strong> bez podawania przyczyny.<\/p>\n\n\n\n<ul class=\"wp-block-list\">\n<li>14 dni liczone jest od dnia otrzymania produktu.<\/li>\n\n\n\n<li>Aby odst\u0105pi\u0107 od umowy, napisz do nas wiadomo\u015b\u0107 e-mail lub skorzystaj z formularza w zak\u0142adce <strong>Zwroty i reklamacje.<\/strong> <br><\/li>\n\n\n\n<li>W wiadomo\u015bci podaj: swoje imi\u0119 i nazwisko, adres e-mail oraz informacj\u0119, kt\u00f3rego produktu dotyczy zwrot.<\/li>\n\n\n\n<li>Zwrot \u015brodk\u00f3w (w tym koszt\u00f3w dostawy*) nast\u0105pi w ci\u0105gu 14 dni od momentu otrzymania zwrotu lub dowodu jego odes\u0142ania. <strong>14 dni<\/strong> <br><\/li>\n<\/ul>\n\n\n\n<blockquote class=\"wp-block-quote is-layout-flow wp-block-quote-is-layout-flow\">\n<p>*Je\u015bli wybrano dro\u017csz\u0105 metod\u0119 dostawy ni\u017c najta\u0144sza dost\u0119pna opcja, zwracamy tylko r\u00f3wnowarto\u015b\u0107 tej podstawowej.<\/p>\n<\/blockquote>\n\n\n\n<p>Zwrot \u015brodk\u00f3w nast\u0105pi t\u0105 sam\u0105 metod\u0105, jak\u0105 dokonano p\u0142atno\u015bci.<\/p>\n\n\n\n<p>Mo\u017cemy wstrzyma\u0107 zwrot do czasu otrzymania produktu lub potwierdzenia nadania zwrotu \u2013 w zale\u017cno\u015bci, co nast\u0105pi wcze\u015bniej.<\/p>","protected":false},"excerpt":{"rendered":"<p>You have the right to withdraw from your order within 14 days without giving any reason. *Please note: if you selected a more expensive delivery method than the standard one offered, we may only refund the cost of the standard option. We may wait to refund you until the returned product has reached us or [&hellip;]<\/p>","protected":false},"author":1,"featured_media":0,"parent":0,"menu_order":0,"comment_status":"closed","ping_status":"closed","template":"","meta":{"_eb_attr":"","footnotes":""},"folder":[],"class_list":["post-148","page","type-page","status-publish","hentry"],"yoast_head":"<!-- This site is optimized with the Yoast SEO plugin v26.5 - https:\/\/yoast.com\/wordpress\/plugins\/seo\/ -->\n<title>Returns - bona equine<\/title>\n<meta name=\"robots\" content=\"index, follow, max-snippet:-1, max-image-preview:large, max-video-preview:-1\" \/>\n<link rel=\"canonical\" href=\"https:\/\/bonaequine.com\/pl\/returns\/\" \/>\n<meta property=\"og:locale\" content=\"pl_PL\" \/>\n<meta property=\"og:type\" content=\"article\" \/>\n<meta property=\"og:title\" content=\"Returns - bona equine\" \/>\n<meta property=\"og:description\" content=\"You have the right to withdraw from your order within 14 days without giving any reason. *Please note: if you selected a more expensive delivery method than the standard one offered, we may only refund the cost of the standard option. We may wait to refund you until the returned product has reached us or [&hellip;]\" \/>\n<meta property=\"og:url\" content=\"https:\/\/bonaequine.com\/pl\/returns\/\" \/>\n<meta property=\"og:site_name\" content=\"bona equine\" \/>\n<meta property=\"article:modified_time\" content=\"2025-07-24T18:07:48+00:00\" \/>\n<meta property=\"og:image\" content=\"https:\/\/bonaequine.com\/wp-content\/uploads\/2025\/03\/DSC_4984sm.jpg\" \/>\n\t<meta property=\"og:image:width\" content=\"512\" \/>\n\t<meta property=\"og:image:height\" content=\"342\" \/>\n\t<meta property=\"og:image:type\" content=\"image\/jpeg\" \/>\n<meta name=\"twitter:card\" content=\"summary_large_image\" \/>\n<meta name=\"twitter:label1\" content=\"Szacowany czas czytania\" \/>\n\t<meta name=\"twitter:data1\" content=\"1 minuta\" \/>\n<script type=\"application\/ld+json\" class=\"yoast-schema-graph\">{\"@context\":\"https:\/\/schema.org\",\"@graph\":[{\"@type\":\"WebPage\",\"@id\":\"https:\/\/bonaequine.com\/returns\/\",\"url\":\"https:\/\/bonaequine.com\/returns\/\",\"name\":\"Returns - bona equine\",\"isPartOf\":{\"@id\":\"https:\/\/bonaequine.com\/#website\"},\"datePublished\":\"2025-03-13T17:07:01+00:00\",\"dateModified\":\"2025-07-24T18:07:48+00:00\",\"breadcrumb\":{\"@id\":\"https:\/\/bonaequine.com\/returns\/#breadcrumb\"},\"inLanguage\":\"pl-PL\",\"potentialAction\":[{\"@type\":\"ReadAction\",\"target\":[\"https:\/\/bonaequine.com\/returns\/\"]}]},{\"@type\":\"BreadcrumbList\",\"@id\":\"https:\/\/bonaequine.com\/returns\/#breadcrumb\",\"itemListElement\":[{\"@type\":\"ListItem\",\"position\":1,\"name\":\"Home\",\"item\":\"https:\/\/bonaequine.com\/\"},{\"@type\":\"ListItem\",\"position\":2,\"name\":\"Returns\"}]},{\"@type\":\"WebSite\",\"@id\":\"https:\/\/bonaequine.com\/#website\",\"url\":\"https:\/\/bonaequine.com\/\",\"name\":\"bona equine\",\"description\":\"Luxury Equestrian Fashion \u2013 bona equine | Breeches, Hoodies, Training Wear\",\"publisher\":{\"@id\":\"https:\/\/bonaequine.com\/#organization\"},\"potentialAction\":[{\"@type\":\"SearchAction\",\"target\":{\"@type\":\"EntryPoint\",\"urlTemplate\":\"https:\/\/bonaequine.com\/?s={search_term_string}\"},\"query-input\":{\"@type\":\"PropertyValueSpecification\",\"valueRequired\":true,\"valueName\":\"search_term_string\"}}],\"inLanguage\":\"pl-PL\"},{\"@type\":\"Organization\",\"@id\":\"https:\/\/bonaequine.com\/#organization\",\"name\":\"bona equine\",\"url\":\"https:\/\/bonaequine.com\/\",\"logo\":{\"@type\":\"ImageObject\",\"inLanguage\":\"pl-PL\",\"@id\":\"https:\/\/bonaequine.com\/#\/schema\/logo\/image\/\",\"url\":\"https:\/\/bonaequine.com\/wp-content\/uploads\/2025\/08\/bona_THUMBNAIL.png\",\"contentUrl\":\"https:\/\/bonaequine.com\/wp-content\/uploads\/2025\/08\/bona_THUMBNAIL.png\",\"width\":512,\"height\":512,\"caption\":\"bona equine\"},\"image\":{\"@id\":\"https:\/\/bonaequine.com\/#\/schema\/logo\/image\/\"},\"sameAs\":[\"https:\/\/www.instagram.com\/bona.equine\/\"]}]}<\/script>\n<!-- \/ Yoast SEO plugin. -->","yoast_head_json":{"title":"Returns - bona equine","robots":{"index":"index","follow":"follow","max-snippet":"max-snippet:-1","max-image-preview":"max-image-preview:large","max-video-preview":"max-video-preview:-1"},"canonical":"https:\/\/bonaequine.com\/pl\/returns\/","og_locale":"pl_PL","og_type":"article","og_title":"Returns - bona equine","og_description":"You have the right to withdraw from your order within 14 days without giving any reason. *Please note: if you selected a more expensive delivery method than the standard one offered, we may only refund the cost of the standard option. We may wait to refund you until the returned product has reached us or [&hellip;]","og_url":"https:\/\/bonaequine.com\/pl\/returns\/","og_site_name":"bona equine","article_modified_time":"2025-07-24T18:07:48+00:00","og_image":[{"width":512,"height":342,"url":"https:\/\/bonaequine.com\/wp-content\/uploads\/2025\/03\/DSC_4984sm.jpg","type":"image\/jpeg"}],"twitter_card":"summary_large_image","twitter_misc":{"Szacowany czas czytania":"1 minuta"},"schema":{"@context":"https:\/\/schema.org","@graph":[{"@type":"WebPage","@id":"https:\/\/bonaequine.com\/returns\/","url":"https:\/\/bonaequine.com\/returns\/","name":"Returns - bona equine","isPartOf":{"@id":"https:\/\/bonaequine.com\/#website"},"datePublished":"2025-03-13T17:07:01+00:00","dateModified":"2025-07-24T18:07:48+00:00","breadcrumb":{"@id":"https:\/\/bonaequine.com\/returns\/#breadcrumb"},"inLanguage":"pl-PL","potentialAction":[{"@type":"ReadAction","target":["https:\/\/bonaequine.com\/returns\/"]}]},{"@type":"BreadcrumbList","@id":"https:\/\/bonaequine.com\/returns\/#breadcrumb","itemListElement":[{"@type":"ListItem","position":1,"name":"Home","item":"https:\/\/bonaequine.com\/"},{"@type":"ListItem","position":2,"name":"Returns"}]},{"@type":"WebSite","@id":"https:\/\/bonaequine.com\/#website","url":"https:\/\/bonaequine.com\/","name":"bona equine","description":"Luxury Equestrian Fashion \u2013 bona equine | Breeches, Hoodies, Training Wear","publisher":{"@id":"https:\/\/bonaequine.com\/#organization"},"potentialAction":[{"@type":"SearchAction","target":{"@type":"EntryPoint","urlTemplate":"https:\/\/bonaequine.com\/?s={search_term_string}"},"query-input":{"@type":"PropertyValueSpecification","valueRequired":true,"valueName":"search_term_string"}}],"inLanguage":"pl-PL"},{"@type":"Organization","@id":"https:\/\/bonaequine.com\/#organization","name":"bona equine","url":"https:\/\/bonaequine.com\/","logo":{"@type":"ImageObject","inLanguage":"pl-PL","@id":"https:\/\/bonaequine.com\/#\/schema\/logo\/image\/","url":"https:\/\/bonaequine.com\/wp-content\/uploads\/2025\/08\/bona_THUMBNAIL.png","contentUrl":"https:\/\/bonaequine.com\/wp-content\/uploads\/2025\/08\/bona_THUMBNAIL.png","width":512,"height":512,"caption":"bona equine"},"image":{"@id":"https:\/\/bonaequine.com\/#\/schema\/logo\/image\/"},"sameAs":["https:\/\/www.instagram.com\/bona.equine\/"]}]}},"_links":{"self":[{"href":"https:\/\/bonaequine.com\/pl\/wp-json\/wp\/v2\/pages\/148","targetHints":{"allow":["GET"]}}],"collection":[{"href":"https:\/\/bonaequine.com\/pl\/wp-json\/wp\/v2\/pages"}],"about":[{"href":"https:\/\/bonaequine.com\/pl\/wp-json\/wp\/v2\/types\/page"}],"author":[{"embeddable":true,"href":"https:\/\/bonaequine.com\/pl\/wp-json\/wp\/v2\/users\/1"}],"replies":[{"embeddable":true,"href":"https:\/\/bonaequine.com\/pl\/wp-json\/wp\/v2\/comments?post=148"}],"version-history":[{"count":2,"href":"https:\/\/bonaequine.com\/pl\/wp-json\/wp\/v2\/pages\/148\/revisions"}],"predecessor-version":[{"id":1411,"href":"https:\/\/bonaequine.com\/pl\/wp-json\/wp\/v2\/pages\/148\/revisions\/1411"}],"wp:attachment":[{"href":"https:\/\/bonaequine.com\/pl\/wp-json\/wp\/v2\/media?parent=148"}],"wp:term":[{"taxonomy":"folder","embeddable":true,"href":"https:\/\/bonaequine.com\/pl\/wp-json\/wp\/v2\/folder?post=148"}],"curies":[{"name":"wp","href":"https:\/\/api.w.org\/{rel}","templated":true}]}}