{"id":107,"date":"2025-03-13T15:53:32","date_gmt":"2025-03-13T15:53:32","guid":{"rendered":"https:\/\/bonaequine.com\/?page_id=107"},"modified":"2025-10-21T18:28:21","modified_gmt":"2025-10-21T18:28:21","slug":"o-nas-bona-equine-sklep-jezdziecki-tworzony-z-pasji","status":"publish","type":"page","link":"https:\/\/bonaequine.com\/pl\/o-nas-bona-equine-sklep-jezdziecki-tworzony-z-pasji\/","title":{"rendered":"O nas"},"content":{"rendered":"<div class=\"wp-block-group alignfull about-section-wrapper has-global-padding is-layout-constrained wp-block-group-is-layout-constrained\" style=\"margin-top:0;margin-bottom:0;padding-top:var(--wp--preset--spacing--50);padding-bottom:var(--wp--preset--spacing--50)\">\n<div class=\"wp-block-columns alignwide is-layout-flex wp-container-core-columns-is-layout-7ee84d44 wp-block-columns-is-layout-flex\">\n<div class=\"wp-block-column is-vertically-aligned-center is-layout-flow wp-block-column-is-layout-flow\" style=\"flex-basis:50%\">\n<div class=\"wp-block-essential-blocks-wrapper  root-eb-wrapper-n3dd7\"><div class=\"eb-parent-wrapper eb-parent-eb-wrapper-n3dd7\"><div class=\"eb-wrapper-outer eb-wrapper-n3dd7\"><div class=\"eb-wrapper-inner\"><div class=\"eb-wrapper-inner-blocks eb-wrapper-align-center\">\n<div class=\"wp-block-group about-us-col is-nowrap is-layout-flex wp-container-core-group-is-layout-6c531013 wp-block-group-is-layout-flex\">\n<h2 class=\"wp-block-heading translation-block\">bona equine<br>to marka<\/h2>\n\n\n\n<div class=\"wp-block-group has-contrast-color has-text-color has-link-color wp-elements-c6a8c9105fe15164e4c048d3dae61f44 is-vertical is-nowrap is-layout-flex wp-container-core-group-is-layout-6fe931d8 wp-block-group-is-layout-flex\">\n<p class=\"wp-block-paragraph has-inter-font-family has-medium-font-size\" style=\"font-style:normal;font-weight:400\">powsta\u0142a z prawdziwej, odzyskanej rado\u015bci do \u017cycia. Tworzona z my\u015bl\u0105 o wygodzie je\u017ad\u017aca, szukaj\u0105ca ci\u0105g\u0142ego doskonalenia si\u0119.<\/p>\n<\/div>\n<\/div>\n<\/div><\/div><\/div><\/div><\/div>\n<\/div>\n\n\n\n<div class=\"wp-block-column is-vertically-aligned-center is-layout-flow wp-block-column-is-layout-flow\" style=\"flex-basis:40%\">\n<figure class=\"wp-block-image size-full\"><img decoding=\"async\" src=\"https:\/\/bonaequine.com\/wp-content\/uploads\/2025\/03\/2.1-scaled.jpg\" alt=\"\" class=\"wp-image-207\" style=\"aspect-ratio:1;object-fit:cover\" \/><\/figure>\n<\/div>\n<\/div>\n<\/div>\n\n\n\n<div class=\"wp-block-group alignfull about-section-wrapper has-global-padding is-layout-constrained wp-block-group-is-layout-constrained\" style=\"margin-top:0;margin-bottom:0;padding-top:var(--wp--preset--spacing--50);padding-bottom:var(--wp--preset--spacing--50)\">\n<div class=\"wp-block-columns alignwide col-revert is-layout-flex wp-container-core-columns-is-layout-7ee84d44 wp-block-columns-is-layout-flex\">\n<div class=\"wp-block-column is-vertically-aligned-center is-layout-flow wp-block-column-is-layout-flow\" style=\"flex-basis:50%\">\n<figure class=\"wp-block-image size-full\"><img data-dominant-color=\"5c534b\" data-has-transparency=\"false\" decoding=\"async\" width=\"1707\" height=\"2560\" src=\"https:\/\/bonaequine.com\/wp-content\/uploads\/2025\/10\/DSC082471-scaled.jpg\" alt=\"\" class=\"wp-image-1899 not-transparent\" style=\"--dominant-color: #5c534b; aspect-ratio:1;object-fit:cover\" srcset=\"https:\/\/bonaequine.com\/wp-content\/uploads\/2025\/10\/DSC082471-scaled.jpg 1707w, https:\/\/bonaequine.com\/wp-content\/uploads\/2025\/10\/DSC082471-200x300.jpg 200w, https:\/\/bonaequine.com\/wp-content\/uploads\/2025\/10\/DSC082471-683x1024.jpg 683w, https:\/\/bonaequine.com\/wp-content\/uploads\/2025\/10\/DSC082471-768x1152.jpg 768w, https:\/\/bonaequine.com\/wp-content\/uploads\/2025\/10\/DSC082471-1024x1536.jpg 1024w, https:\/\/bonaequine.com\/wp-content\/uploads\/2025\/10\/DSC082471-1365x2048.jpg 1365w, https:\/\/bonaequine.com\/wp-content\/uploads\/2025\/10\/DSC082471-8x12.jpg 8w, https:\/\/bonaequine.com\/wp-content\/uploads\/2025\/10\/DSC082471-1320x1980.jpg 1320w\" sizes=\"(max-width: 1707px) 100vw, 1707px\" \/><\/figure>\n<\/div>\n\n\n\n<div class=\"wp-block-column is-vertically-aligned-center is-layout-flow wp-block-column-is-layout-flow\" style=\"flex-basis:80%\">\n<div class=\"wp-block-essential-blocks-wrapper  root-eb-wrapper-9xzvj\"><div class=\"eb-parent-wrapper eb-parent-eb-wrapper-9xzvj\"><div class=\"eb-wrapper-outer eb-wrapper-9xzvj\"><div class=\"eb-wrapper-inner\"><div class=\"eb-wrapper-inner-blocks eb-wrapper-align-center\">\n<div class=\"wp-block-group about-us-col is-nowrap is-layout-flex wp-container-core-group-is-layout-6c531013 wp-block-group-is-layout-flex\">\n<h2 class=\"wp-block-heading has-text-align-right translation-block\">to pr\u00f3ba <br>\nznalezienia balansu<\/h2>\n\n\n\n<div class=\"wp-block-group has-contrast-color has-text-color has-link-color wp-elements-e79b5a3d360216e00294ab40f39469af is-vertical is-nowrap is-layout-flex wp-container-core-group-is-layout-6fe931d8 wp-block-group-is-layout-flex\">\n<p class=\"wp-block-paragraph has-inter-font-family has-medium-font-size\" style=\"font-style:normal;font-weight:400\">nie tylko pomi\u0119dzy wysok\u0105 jako\u015bci\u0105 sprzedawanych produkt\u00f3w a cen\u0105, ale r\u00f3wnie\u017c tego \u017cyciowego, od czego wszystko si\u0119 zacz\u0119\u0142o.<\/p>\n<\/div>\n<\/div>\n<\/div><\/div><\/div><\/div><\/div>\n<\/div>\n<\/div>\n<\/div>\n\n\n\n<div class=\"wp-block-group alignfull about-section-wrapper has-global-padding is-layout-constrained wp-block-group-is-layout-constrained\" style=\"margin-top:0;margin-bottom:0;padding-top:var(--wp--preset--spacing--50);padding-bottom:var(--wp--preset--spacing--50)\">\n<div class=\"wp-block-columns alignwide is-layout-flex wp-container-core-columns-is-layout-7ee84d44 wp-block-columns-is-layout-flex\">\n<div class=\"wp-block-column is-vertically-aligned-center is-layout-flow wp-block-column-is-layout-flow\" style=\"flex-basis:80%\">\n<div class=\"wp-block-essential-blocks-wrapper  root-eb-wrapper-k65rn\"><div class=\"eb-parent-wrapper eb-parent-eb-wrapper-k65rn\"><div class=\"eb-wrapper-outer eb-wrapper-k65rn\"><div class=\"eb-wrapper-inner\"><div class=\"eb-wrapper-inner-blocks eb-wrapper-align-center\">\n<div class=\"wp-block-group about-us-col is-nowrap is-layout-flex wp-container-core-group-is-layout-6c531013 wp-block-group-is-layout-flex\">\n<h2 class=\"wp-block-heading has-text-align-right translation-block\">to efekt pracy <br>\nrodzimych konstruktor\u00f3w<\/h2>\n\n\n\n<div class=\"wp-block-group has-contrast-color has-text-color has-link-color wp-elements-d63d09d3b527347f90f6dfcd85da2196 is-vertical is-nowrap is-layout-flex wp-container-core-group-is-layout-6fe931d8 wp-block-group-is-layout-flex\">\n<p class=\"wp-block-paragraph has-inter-font-family has-medium-font-size\" style=\"font-style:normal;font-weight:400\">&nbsp;z lokalnych pracowni krawieckich. Pi\u0119kno ubra\u0144 podkre\u015blaj\u0105 starannie dopracowane, wygodne, proste kroje, wyszukane naturalne dzianiny, pieczo\u0142owicie selekcjonowane dodatki.<\/p>\n<\/div>\n<\/div>\n<\/div><\/div><\/div><\/div><\/div>\n<\/div>\n\n\n\n<div class=\"wp-block-column is-vertically-aligned-center is-layout-flow wp-block-column-is-layout-flow\" style=\"flex-basis:50%\">\n<figure class=\"wp-block-image size-full\"><img data-dominant-color=\"837774\" data-has-transparency=\"false\" decoding=\"async\" width=\"1057\" height=\"1582\" src=\"https:\/\/bonaequine.com\/wp-content\/uploads\/2025\/10\/1f98675a-efd5-4161-868b-bd3c157929541.jpg\" alt=\"\" class=\"wp-image-1901 not-transparent\" style=\"--dominant-color: #837774; aspect-ratio:1;object-fit:cover\" srcset=\"https:\/\/bonaequine.com\/wp-content\/uploads\/2025\/10\/1f98675a-efd5-4161-868b-bd3c157929541.jpg 1057w, https:\/\/bonaequine.com\/wp-content\/uploads\/2025\/10\/1f98675a-efd5-4161-868b-bd3c157929541-200x300.jpg 200w, https:\/\/bonaequine.com\/wp-content\/uploads\/2025\/10\/1f98675a-efd5-4161-868b-bd3c157929541-684x1024.jpg 684w, https:\/\/bonaequine.com\/wp-content\/uploads\/2025\/10\/1f98675a-efd5-4161-868b-bd3c157929541-768x1149.jpg 768w, https:\/\/bonaequine.com\/wp-content\/uploads\/2025\/10\/1f98675a-efd5-4161-868b-bd3c157929541-1026x1536.jpg 1026w, https:\/\/bonaequine.com\/wp-content\/uploads\/2025\/10\/1f98675a-efd5-4161-868b-bd3c157929541-8x12.jpg 8w\" sizes=\"(max-width: 1057px) 100vw, 1057px\" \/><\/figure>\n<\/div>\n<\/div>\n<\/div>\n\n\n\n<div class=\"wp-block-group alignfull about-section-wrapper has-global-padding is-layout-constrained wp-block-group-is-layout-constrained\" style=\"margin-top:0;margin-bottom:0;padding-top:var(--wp--preset--spacing--50);padding-bottom:var(--wp--preset--spacing--50)\">\n<div class=\"wp-block-columns alignwide col-revert is-layout-flex wp-container-core-columns-is-layout-7ee84d44 wp-block-columns-is-layout-flex\">\n<div class=\"wp-block-column is-vertically-aligned-center is-layout-flow wp-block-column-is-layout-flow\" style=\"flex-basis:50%\">\n<figure class=\"wp-block-image size-full\"><img data-dominant-color=\"8b8175\" data-has-transparency=\"false\" decoding=\"async\" width=\"2560\" height=\"1707\" src=\"https:\/\/bonaequine.com\/wp-content\/uploads\/2025\/03\/2V6A7832-scaled.jpg\" alt=\"\" class=\"wp-image-459 not-transparent\" style=\"--dominant-color: #8b8175; aspect-ratio:1;object-fit:cover\" srcset=\"https:\/\/bonaequine.com\/wp-content\/uploads\/2025\/03\/2V6A7832-scaled.jpg 2560w, https:\/\/bonaequine.com\/wp-content\/uploads\/2025\/03\/2V6A7832-scaled-600x400.jpg 600w, https:\/\/bonaequine.com\/wp-content\/uploads\/2025\/03\/2V6A7832-300x200.jpg 300w, https:\/\/bonaequine.com\/wp-content\/uploads\/2025\/03\/2V6A7832-1024x683.jpg 1024w, https:\/\/bonaequine.com\/wp-content\/uploads\/2025\/03\/2V6A7832-768x512.jpg 768w, https:\/\/bonaequine.com\/wp-content\/uploads\/2025\/03\/2V6A7832-1536x1024.jpg 1536w, https:\/\/bonaequine.com\/wp-content\/uploads\/2025\/03\/2V6A7832-2048x1365.jpg 2048w, https:\/\/bonaequine.com\/wp-content\/uploads\/2025\/03\/2V6A7832-18x12.jpg 18w\" sizes=\"(max-width: 2560px) 100vw, 2560px\" \/><\/figure>\n<\/div>\n\n\n\n<div class=\"wp-block-column is-vertically-aligned-center is-layout-flow wp-block-column-is-layout-flow\" style=\"flex-basis:80%\">\n<div class=\"wp-block-essential-blocks-wrapper  root-eb-wrapper-ol436\"><div class=\"eb-parent-wrapper eb-parent-eb-wrapper-ol436\"><div class=\"eb-wrapper-outer eb-wrapper-ol436\"><div class=\"eb-wrapper-inner\"><div class=\"eb-wrapper-inner-blocks eb-wrapper-align-center\">\n<div class=\"wp-block-group about-us-col is-nowrap is-layout-flex wp-container-core-group-is-layout-6c531013 wp-block-group-is-layout-flex\">\n<h2 class=\"wp-block-heading has-text-align-right translation-block\">a\u017c w ko\u0144cu \u2013 tudzie\u017c <br>\nprzede wszystkim<\/h2>\n\n\n\n<div class=\"wp-block-group has-contrast-color has-text-color has-link-color wp-elements-3f7e1e71aefd3a05bfec2e98a2ae060c is-vertical is-nowrap is-layout-flex wp-container-core-group-is-layout-6fe931d8 wp-block-group-is-layout-flex\">\n<p class=\"wp-block-paragraph has-inter-font-family has-medium-font-size\" style=\"font-style:normal;font-weight:400\">to pr\u00f3ba okazania ogromnej wdzi\u0119czno\u015bci przem\u0105drej, przewspania\u0142ej Kobyle imieniem Bona, kt\u00f3ra mnie ocali\u0142a.<\/p>\n<\/div>\n<\/div>\n<\/div><\/div><\/div><\/div><\/div>\n<\/div>\n<\/div>\n<\/div>\n\n\n\n<div class=\"wp-block-buttons is-content-justification-center is-layout-flex wp-container-core-buttons-is-layout-a89b3969 wp-block-buttons-is-layout-flex\">\n<div class=\"wp-block-button\"><a class=\"wp-block-button__link wp-element-button\" href=\"https:\/\/bonaequine.com\/pl\/shop\/\">przejd\u017a do sklepu<\/a><\/div>\n<\/div>\n\n\n\n<p><\/p>","protected":false},"excerpt":{"rendered":"","protected":false},"author":1,"featured_media":0,"parent":0,"menu_order":0,"comment_status":"closed","ping_status":"closed","template":"homepage","meta":{"_eb_attr":"","footnotes":""},"folder":[],"class_list":["post-107","page","type-page","status-publish","hentry"],"yoast_head":"<!-- This site is optimized with the Yoast SEO plugin v26.5 - https:\/\/yoast.com\/wordpress\/plugins\/seo\/ -->\n<title>About us - bona equine<\/title>\n<meta name=\"description\" content=\"Poznaj histori\u0119 Bona Equine \u2013 sklepu je\u017adzieckiego stworzonego z mi\u0142o\u015bci do koni. Zobacz nasz\u0105 misj\u0119, warto\u015bci i pasj\u0119, kt\u00f3re nas wyr\u00f3\u017cniaj\u0105.\" \/>\n<meta name=\"robots\" content=\"index, follow, max-snippet:-1, max-image-preview:large, max-video-preview:-1\" \/>\n<link rel=\"canonical\" href=\"https:\/\/bonaequine.com\/pl\/o-nas-bona-equine-sklep-jezdziecki-tworzony-z-pasji\/\" \/>\n<meta property=\"og:locale\" content=\"pl_PL\" \/>\n<meta property=\"og:type\" content=\"article\" \/>\n<meta property=\"og:title\" content=\"About us - bona equine\" \/>\n<meta property=\"og:description\" content=\"Poznaj histori\u0119 Bona Equine \u2013 sklepu je\u017adzieckiego stworzonego z mi\u0142o\u015bci do koni. Zobacz nasz\u0105 misj\u0119, warto\u015bci i pasj\u0119, kt\u00f3re nas wyr\u00f3\u017cniaj\u0105.\" \/>\n<meta property=\"og:url\" content=\"https:\/\/bonaequine.com\/pl\/o-nas-bona-equine-sklep-jezdziecki-tworzony-z-pasji\/\" \/>\n<meta property=\"og:site_name\" content=\"bona equine\" \/>\n<meta property=\"article:modified_time\" content=\"2025-10-21T18:28:21+00:00\" \/>\n<meta property=\"og:image\" content=\"https:\/\/bonaequine.com\/wp-content\/uploads\/2025\/03\/DSC_4984sm.jpg\" \/>\n\t<meta property=\"og:image:width\" content=\"512\" \/>\n\t<meta property=\"og:image:height\" content=\"342\" \/>\n\t<meta property=\"og:image:type\" content=\"image\/jpeg\" \/>\n<meta name=\"twitter:card\" content=\"summary_large_image\" \/>\n<meta name=\"twitter:label1\" content=\"Szacowany czas czytania\" \/>\n\t<meta name=\"twitter:data1\" content=\"2 minuty\" \/>\n<script type=\"application\/ld+json\" class=\"yoast-schema-graph\">{\"@context\":\"https:\/\/schema.org\",\"@graph\":[{\"@type\":\"WebPage\",\"@id\":\"https:\/\/bonaequine.com\/o-nas-bona-equine-sklep-jezdziecki-tworzony-z-pasji\/\",\"url\":\"https:\/\/bonaequine.com\/o-nas-bona-equine-sklep-jezdziecki-tworzony-z-pasji\/\",\"name\":\"About us - bona equine\",\"isPartOf\":{\"@id\":\"https:\/\/bonaequine.com\/#website\"},\"primaryImageOfPage\":{\"@id\":\"https:\/\/bonaequine.com\/o-nas-bona-equine-sklep-jezdziecki-tworzony-z-pasji\/#primaryimage\"},\"image\":{\"@id\":\"https:\/\/bonaequine.com\/o-nas-bona-equine-sklep-jezdziecki-tworzony-z-pasji\/#primaryimage\"},\"thumbnailUrl\":\"https:\/\/bonaequine.com\/wp-content\/uploads\/2025\/03\/2.1-scaled.jpg\",\"datePublished\":\"2025-03-13T15:53:32+00:00\",\"dateModified\":\"2025-10-21T18:28:21+00:00\",\"description\":\"Poznaj histori\u0119 Bona Equine \u2013 sklepu je\u017adzieckiego stworzonego z mi\u0142o\u015bci do koni. Zobacz nasz\u0105 misj\u0119, warto\u015bci i pasj\u0119, kt\u00f3re nas wyr\u00f3\u017cniaj\u0105.\",\"breadcrumb\":{\"@id\":\"https:\/\/bonaequine.com\/o-nas-bona-equine-sklep-jezdziecki-tworzony-z-pasji\/#breadcrumb\"},\"inLanguage\":\"pl-PL\",\"potentialAction\":[{\"@type\":\"ReadAction\",\"target\":[\"https:\/\/bonaequine.com\/o-nas-bona-equine-sklep-jezdziecki-tworzony-z-pasji\/\"]}]},{\"@type\":\"ImageObject\",\"inLanguage\":\"pl-PL\",\"@id\":\"https:\/\/bonaequine.com\/o-nas-bona-equine-sklep-jezdziecki-tworzony-z-pasji\/#primaryimage\",\"url\":\"https:\/\/bonaequine.com\/wp-content\/uploads\/2025\/03\/2.1-scaled.jpg\",\"contentUrl\":\"https:\/\/bonaequine.com\/wp-content\/uploads\/2025\/03\/2.1-scaled.jpg\"},{\"@type\":\"BreadcrumbList\",\"@id\":\"https:\/\/bonaequine.com\/o-nas-bona-equine-sklep-jezdziecki-tworzony-z-pasji\/#breadcrumb\",\"itemListElement\":[{\"@type\":\"ListItem\",\"position\":1,\"name\":\"Home\",\"item\":\"https:\/\/bonaequine.com\/\"},{\"@type\":\"ListItem\",\"position\":2,\"name\":\"About us\"}]},{\"@type\":\"WebSite\",\"@id\":\"https:\/\/bonaequine.com\/#website\",\"url\":\"https:\/\/bonaequine.com\/\",\"name\":\"bona equine\",\"description\":\"Luxury Equestrian Fashion \u2013 bona equine | Breeches, Hoodies, Training Wear\",\"publisher\":{\"@id\":\"https:\/\/bonaequine.com\/#organization\"},\"potentialAction\":[{\"@type\":\"SearchAction\",\"target\":{\"@type\":\"EntryPoint\",\"urlTemplate\":\"https:\/\/bonaequine.com\/?s={search_term_string}\"},\"query-input\":{\"@type\":\"PropertyValueSpecification\",\"valueRequired\":true,\"valueName\":\"search_term_string\"}}],\"inLanguage\":\"pl-PL\"},{\"@type\":\"Organization\",\"@id\":\"https:\/\/bonaequine.com\/#organization\",\"name\":\"bona equine\",\"url\":\"https:\/\/bonaequine.com\/\",\"logo\":{\"@type\":\"ImageObject\",\"inLanguage\":\"pl-PL\",\"@id\":\"https:\/\/bonaequine.com\/#\/schema\/logo\/image\/\",\"url\":\"https:\/\/bonaequine.com\/wp-content\/uploads\/2025\/08\/bona_THUMBNAIL.png\",\"contentUrl\":\"https:\/\/bonaequine.com\/wp-content\/uploads\/2025\/08\/bona_THUMBNAIL.png\",\"width\":512,\"height\":512,\"caption\":\"bona equine\"},\"image\":{\"@id\":\"https:\/\/bonaequine.com\/#\/schema\/logo\/image\/\"},\"sameAs\":[\"https:\/\/www.instagram.com\/bona.equine\/\"]}]}<\/script>\n<!-- \/ Yoast SEO plugin. -->","yoast_head_json":{"title":"About us - bona equine","description":"Poznaj histori\u0119 Bona Equine \u2013 sklepu je\u017adzieckiego stworzonego z mi\u0142o\u015bci do koni. Zobacz nasz\u0105 misj\u0119, warto\u015bci i pasj\u0119, kt\u00f3re nas wyr\u00f3\u017cniaj\u0105.","robots":{"index":"index","follow":"follow","max-snippet":"max-snippet:-1","max-image-preview":"max-image-preview:large","max-video-preview":"max-video-preview:-1"},"canonical":"https:\/\/bonaequine.com\/pl\/o-nas-bona-equine-sklep-jezdziecki-tworzony-z-pasji\/","og_locale":"pl_PL","og_type":"article","og_title":"About us - bona equine","og_description":"Poznaj histori\u0119 Bona Equine \u2013 sklepu je\u017adzieckiego stworzonego z mi\u0142o\u015bci do koni. Zobacz nasz\u0105 misj\u0119, warto\u015bci i pasj\u0119, kt\u00f3re nas wyr\u00f3\u017cniaj\u0105.","og_url":"https:\/\/bonaequine.com\/pl\/o-nas-bona-equine-sklep-jezdziecki-tworzony-z-pasji\/","og_site_name":"bona equine","article_modified_time":"2025-10-21T18:28:21+00:00","og_image":[{"width":512,"height":342,"url":"https:\/\/bonaequine.com\/wp-content\/uploads\/2025\/03\/DSC_4984sm.jpg","type":"image\/jpeg"}],"twitter_card":"summary_large_image","twitter_misc":{"Szacowany czas czytania":"2 minuty"},"schema":{"@context":"https:\/\/schema.org","@graph":[{"@type":"WebPage","@id":"https:\/\/bonaequine.com\/o-nas-bona-equine-sklep-jezdziecki-tworzony-z-pasji\/","url":"https:\/\/bonaequine.com\/o-nas-bona-equine-sklep-jezdziecki-tworzony-z-pasji\/","name":"About us - bona equine","isPartOf":{"@id":"https:\/\/bonaequine.com\/#website"},"primaryImageOfPage":{"@id":"https:\/\/bonaequine.com\/o-nas-bona-equine-sklep-jezdziecki-tworzony-z-pasji\/#primaryimage"},"image":{"@id":"https:\/\/bonaequine.com\/o-nas-bona-equine-sklep-jezdziecki-tworzony-z-pasji\/#primaryimage"},"thumbnailUrl":"https:\/\/bonaequine.com\/wp-content\/uploads\/2025\/03\/2.1-scaled.jpg","datePublished":"2025-03-13T15:53:32+00:00","dateModified":"2025-10-21T18:28:21+00:00","description":"Poznaj histori\u0119 Bona Equine \u2013 sklepu je\u017adzieckiego stworzonego z mi\u0142o\u015bci do koni. Zobacz nasz\u0105 misj\u0119, warto\u015bci i pasj\u0119, kt\u00f3re nas wyr\u00f3\u017cniaj\u0105.","breadcrumb":{"@id":"https:\/\/bonaequine.com\/o-nas-bona-equine-sklep-jezdziecki-tworzony-z-pasji\/#breadcrumb"},"inLanguage":"pl-PL","potentialAction":[{"@type":"ReadAction","target":["https:\/\/bonaequine.com\/o-nas-bona-equine-sklep-jezdziecki-tworzony-z-pasji\/"]}]},{"@type":"ImageObject","inLanguage":"pl-PL","@id":"https:\/\/bonaequine.com\/o-nas-bona-equine-sklep-jezdziecki-tworzony-z-pasji\/#primaryimage","url":"https:\/\/bonaequine.com\/wp-content\/uploads\/2025\/03\/2.1-scaled.jpg","contentUrl":"https:\/\/bonaequine.com\/wp-content\/uploads\/2025\/03\/2.1-scaled.jpg"},{"@type":"BreadcrumbList","@id":"https:\/\/bonaequine.com\/o-nas-bona-equine-sklep-jezdziecki-tworzony-z-pasji\/#breadcrumb","itemListElement":[{"@type":"ListItem","position":1,"name":"Home","item":"https:\/\/bonaequine.com\/"},{"@type":"ListItem","position":2,"name":"About us"}]},{"@type":"WebSite","@id":"https:\/\/bonaequine.com\/#website","url":"https:\/\/bonaequine.com\/","name":"bona equine","description":"Luxury Equestrian Fashion \u2013 bona equine | Breeches, Hoodies, Training Wear","publisher":{"@id":"https:\/\/bonaequine.com\/#organization"},"potentialAction":[{"@type":"SearchAction","target":{"@type":"EntryPoint","urlTemplate":"https:\/\/bonaequine.com\/?s={search_term_string}"},"query-input":{"@type":"PropertyValueSpecification","valueRequired":true,"valueName":"search_term_string"}}],"inLanguage":"pl-PL"},{"@type":"Organization","@id":"https:\/\/bonaequine.com\/#organization","name":"bona equine","url":"https:\/\/bonaequine.com\/","logo":{"@type":"ImageObject","inLanguage":"pl-PL","@id":"https:\/\/bonaequine.com\/#\/schema\/logo\/image\/","url":"https:\/\/bonaequine.com\/wp-content\/uploads\/2025\/08\/bona_THUMBNAIL.png","contentUrl":"https:\/\/bonaequine.com\/wp-content\/uploads\/2025\/08\/bona_THUMBNAIL.png","width":512,"height":512,"caption":"bona equine"},"image":{"@id":"https:\/\/bonaequine.com\/#\/schema\/logo\/image\/"},"sameAs":["https:\/\/www.instagram.com\/bona.equine\/"]}]}},"_links":{"self":[{"href":"https:\/\/bonaequine.com\/pl\/wp-json\/wp\/v2\/pages\/107","targetHints":{"allow":["GET"]}}],"collection":[{"href":"https:\/\/bonaequine.com\/pl\/wp-json\/wp\/v2\/pages"}],"about":[{"href":"https:\/\/bonaequine.com\/pl\/wp-json\/wp\/v2\/types\/page"}],"author":[{"embeddable":true,"href":"https:\/\/bonaequine.com\/pl\/wp-json\/wp\/v2\/users\/1"}],"replies":[{"embeddable":true,"href":"https:\/\/bonaequine.com\/pl\/wp-json\/wp\/v2\/comments?post=107"}],"version-history":[{"count":46,"href":"https:\/\/bonaequine.com\/pl\/wp-json\/wp\/v2\/pages\/107\/revisions"}],"predecessor-version":[{"id":1952,"href":"https:\/\/bonaequine.com\/pl\/wp-json\/wp\/v2\/pages\/107\/revisions\/1952"}],"wp:attachment":[{"href":"https:\/\/bonaequine.com\/pl\/wp-json\/wp\/v2\/media?parent=107"}],"wp:term":[{"taxonomy":"folder","embeddable":true,"href":"https:\/\/bonaequine.com\/pl\/wp-json\/wp\/v2\/folder?post=107"}],"curies":[{"name":"wp","href":"https:\/\/api.w.org\/{rel}","templated":true}]}}